{"id":68,"date":"2024-09-25T15:33:35","date_gmt":"2024-09-25T13:33:35","guid":{"rendered":"https:\/\/www.psychoterapia-ap.pl\/?page_id=68"},"modified":"2024-10-31T17:57:27","modified_gmt":"2024-10-31T16:57:27","slug":"sesje","status":"publish","type":"page","link":"https:\/\/www.psychoterapia-ap.pl\/index.php\/sesje\/","title":{"rendered":"Sesje"},"content":{"rendered":"\t\t<div data-elementor-type=\"wp-page\" data-elementor-id=\"68\" class=\"elementor elementor-68\" data-elementor-post-type=\"page\">\n\t\t\t\t\t\t<section class=\"elementor-section elementor-top-section elementor-element elementor-element-2c9a54be elementor-section-stretched elementor-section-content-middle elementor-section-boxed elementor-section-height-default elementor-section-height-default\" data-id=\"2c9a54be\" data-element_type=\"section\" data-settings=\"{&quot;stretch_section&quot;:&quot;section-stretched&quot;,&quot;background_background&quot;:&quot;classic&quot;}\">\n\t\t\t\t\t\t<div class=\"elementor-container elementor-column-gap-default\">\n\t\t\t\t\t<div class=\"elementor-column elementor-col-100 elementor-top-column elementor-element elementor-element-24a1732e\" data-id=\"24a1732e\" data-element_type=\"column\">\n\t\t\t<div class=\"elementor-widget-wrap elementor-element-populated\">\n\t\t\t\t\t\t<section class=\"elementor-section elementor-inner-section elementor-element elementor-element-3112e86 elementor-section-content-middle elementor-section-boxed elementor-section-height-default elementor-section-height-default\" data-id=\"3112e86\" data-element_type=\"section\">\n\t\t\t\t\t\t<div class=\"elementor-container elementor-column-gap-default\">\n\t\t\t\t\t<div class=\"elementor-column elementor-col-100 elementor-inner-column elementor-element elementor-element-17671446 elementor-invisible\" data-id=\"17671446\" data-element_type=\"column\" data-settings=\"{&quot;animation&quot;:&quot;fadeInUp&quot;}\">\n\t\t\t<div class=\"elementor-widget-wrap elementor-element-populated\">\n\t\t\t\t\t\t<div class=\"elementor-element elementor-element-56ddb283 elementor-invisible elementor-widget elementor-widget-heading\" data-id=\"56ddb283\" data-element_type=\"widget\" data-settings=\"{&quot;_animation&quot;:&quot;fadeIn&quot;}\" data-widget_type=\"heading.default\">\n\t\t\t\t<div class=\"elementor-widget-container\">\n\t\t\t\t\t<h2 class=\"elementor-heading-title elementor-size-default\">Jak pracuj\u0119?<\/h2>\t\t\t\t<\/div>\n\t\t\t\t<\/div>\n\t\t\t\t<div class=\"elementor-element elementor-element-6911d93a elementor-widget elementor-widget-text-editor\" data-id=\"6911d93a\" data-element_type=\"widget\" data-widget_type=\"text-editor.default\">\n\t\t\t\t<div class=\"elementor-widget-container\">\n\t\t\t\t\t\t\t\t\t<p>Pracuj\u0119 w modealno\u015bci integratywnej co oznacza \u017ce, wykorzystuj\u0119 gam\u0119 sprawdzonych metod pochodz\u0105cych z r\u00f3\u017cnych podej\u015b\u0107, w tym np. systemowego i psychodynamicznego, Gestalt. W mojej pracy cz\u0142owiek jest postrzegany jako cz\u0119\u015b\u0107 systemu, w kt\u00f3rym funkcjonuje. Jego problemy nie pochodz\u0105 tylko z wewn\u0119trznych proces\u00f3w psychicznych, ale maj\u0105 na nie wp\u0142yw r\u00f3\u017cne czynniki zwi\u0105zane z systemem pacjenta &#8211; rodzin\u0105, \u015brodowiskiem zawodowym i spo\u0142ecznym. Takie podej\u015bcie pozwala na szerokie mo\u017cliwo\u015bci pomocy w r\u00f3\u017cnych zaburzeniach oraz innych problemach pacjent\u00f3w.<\/p><p>Moj\u0105 rol\u0105 jest pod\u0105\u017cenie za tym, co pacjent czuje i czego pragnie. Jestem wi\u0119c po to by wskazywa\u0107 kierunek zmian, nie sam\u0105 zmian\u0119 osoby. Staram si\u0119 na nowo odkrywa\u0107 zgodny z charakterem, temperamentem i emocjami potencja\u0142, indywidualny zas\u00f3b. Razem z pacjentem poszukujemy rozwi\u0105zania wewn\u0119trznego konfliktu, problemu z otoczeniem czy innej trudnej sytuacji. Pr\u00f3bujemy znale\u017a\u0107 sposoby poprawy samopoczucia, nowe potrzebne jako\u015bci, odszuka\u0107 na nowo i odczyta\u0107 rado\u015bci \u017cycia. Wszystko po to, aby pacjent m\u00f3g\u0142 poczu\u0107, \u017ce zmierzenie si\u0119 z tym, co dla niego by\u0142o powodem \u017ceby do mnie przyj\u015b\u0107, mia\u0142o konkretny i nierzadko g\u0142\u0119boki sens. To zazwyczaj z czasem przynosi pozytywne i wymierne rezultaty.<\/p><p>Jak wi\u0119kszo\u015b\u0107 psychoterapeut\u00f3w, podstawowym narz\u0119dziem jakim si\u0119 pos\u0142uguje jest rozmowa. W psychoterapii ludzie szukaj\u0105 kontaktu z drugim cz\u0142owiekiem. Chc\u0105 by\u0107 zauwa\u017ceni, wys\u0142uchani. Gdy to nast\u0119puje mo\u017cna przyst\u0105pi\u0107 do procesu leczenia. Zawsze bior\u0105 w tym udzia\u0142 dwie osoby, razem pacjent i terapeuta. Aby podpisa\u0107 kontrakt na wsp\u00f3ln\u0105 prac\u0119 akceptacja musi by\u0107 obop\u00f3lna, tzn. pacjent musi mie\u0107 pewno\u015b\u0107, \u017ce chce pracowa\u0107 ze mn\u0105 i ja te\u017c musz\u0119 uczciwie odpowiedzie\u0107 sobie na pytanie czy jestem w stanie i chc\u0119 pracowa\u0107 z dan\u0105 osob\u0105. Na wszystkie w\u0105tpliwo\u015bci i wahania trzeba sobie odpowiedzie\u0107 podczas konsultacji. W czasie pracy, pod\u0105\u017caj\u0105c w tym samym kierunku opieramy si\u0119 na faktach, zaufaniu, empatii, zrozumieniu i braku oceny tego, co si\u0119 wydarza.<\/p><p>Opr\u00f3cz rozmowy proponuj\u0119 zadania do wykonania w czasie sesji oraz poza nimi. S\u0105 to \u0107wiczenia, kt\u00f3re s\u0142u\u017c\u0105 nabywaniu, wzbogacaniu, poszerzaniu umiej\u0119tno\u015bci koniecznych do przezwyci\u0119\u017cenia problem\u00f3w, z kt\u00f3rymi styka si\u0119 pacjent. Moim zdaniem skutkiem procesu psychoterapii powinien by\u0107 osi\u0105gni\u0119ty w odczuciu pacjenta stan umys\u0142u, ducha i emocji, kt\u00f3ry pozwala cieszy\u0107 si\u0119 codziennym \u017cyciem, czeka\u0107 z niecierpliwo\u015bci\u0105 na kolejne dni, radzi\u0107 sobie z trudno\u015bciami i godzi\u0107 z tym, co nieuniknione.\u00a0<\/p>\t\t\t\t\t\t\t\t<\/div>\n\t\t\t\t<\/div>\n\t\t\t\t\t<\/div>\n\t\t<\/div>\n\t\t\t\t\t<\/div>\n\t\t<\/section>\n\t\t\t\t\t<\/div>\n\t\t<\/div>\n\t\t\t\t\t<\/div>\n\t\t<\/section>\n\t\t\t\t<section class=\"elementor-section elementor-top-section elementor-element elementor-element-32579bcb elementor-section-stretched elementor-section-boxed elementor-section-height-default elementor-section-height-default\" data-id=\"32579bcb\" data-element_type=\"section\" data-settings=\"{&quot;stretch_section&quot;:&quot;section-stretched&quot;,&quot;background_background&quot;:&quot;classic&quot;}\">\n\t\t\t\t\t\t<div class=\"elementor-container elementor-column-gap-default\">\n\t\t\t\t\t<div class=\"elementor-column elementor-col-100 elementor-top-column elementor-element elementor-element-2c4dc40 animated-fast elementor-invisible\" data-id=\"2c4dc40\" data-element_type=\"column\" data-settings=\"{&quot;animation&quot;:&quot;fadeInLeft&quot;,&quot;background_background&quot;:&quot;classic&quot;}\">\n\t\t\t<div class=\"elementor-widget-wrap elementor-element-populated\">\n\t\t\t\t\t\t<section class=\"elementor-section elementor-inner-section elementor-element elementor-element-6dbc145c elementor-section-boxed elementor-section-height-default elementor-section-height-default\" data-id=\"6dbc145c\" data-element_type=\"section\">\n\t\t\t\t\t\t<div class=\"elementor-container elementor-column-gap-default\">\n\t\t\t\t\t<div class=\"elementor-column elementor-col-50 elementor-inner-column elementor-element elementor-element-6b22a471\" data-id=\"6b22a471\" data-element_type=\"column\">\n\t\t\t<div class=\"elementor-widget-wrap elementor-element-populated\">\n\t\t\t\t\t\t<div class=\"elementor-element elementor-element-3e732af4 elementor-widget-divider--view-line elementor-invisible elementor-widget elementor-widget-divider\" data-id=\"3e732af4\" data-element_type=\"widget\" data-settings=\"{&quot;_animation&quot;:&quot;fadeInLeft&quot;}\" data-widget_type=\"divider.default\">\n\t\t\t\t<div class=\"elementor-widget-container\">\n\t\t\t\t\t\t\t<div class=\"elementor-divider\">\n\t\t\t<span class=\"elementor-divider-separator\">\n\t\t\t\t\t\t<\/span>\n\t\t<\/div>\n\t\t\t\t\t\t<\/div>\n\t\t\t\t<\/div>\n\t\t\t\t\t<\/div>\n\t\t<\/div>\n\t\t\t\t<div class=\"elementor-column elementor-col-50 elementor-inner-column elementor-element elementor-element-6abb6c11\" data-id=\"6abb6c11\" data-element_type=\"column\">\n\t\t\t<div class=\"elementor-widget-wrap\">\n\t\t\t\t\t\t\t<\/div>\n\t\t<\/div>\n\t\t\t\t\t<\/div>\n\t\t<\/section>\n\t\t\t\t<div class=\"elementor-element elementor-element-2bbd9597 elementor-invisible elementor-widget elementor-widget-heading\" data-id=\"2bbd9597\" data-element_type=\"widget\" data-settings=\"{&quot;_animation&quot;:&quot;fadeIn&quot;}\" data-widget_type=\"heading.default\">\n\t\t\t\t<div class=\"elementor-widget-container\">\n\t\t\t\t\t<h2 class=\"elementor-heading-title elementor-size-default\">cennik <\/h2>\t\t\t\t<\/div>\n\t\t\t\t<\/div>\n\t\t\t\t<div class=\"elementor-element elementor-element-6f4d2c77 elementor-widget elementor-widget-spacer\" data-id=\"6f4d2c77\" data-element_type=\"widget\" data-widget_type=\"spacer.default\">\n\t\t\t\t<div class=\"elementor-widget-container\">\n\t\t\t\t\t\t\t<div class=\"elementor-spacer\">\n\t\t\t<div class=\"elementor-spacer-inner\"><\/div>\n\t\t<\/div>\n\t\t\t\t\t\t<\/div>\n\t\t\t\t<\/div>\n\t\t\t\t<section class=\"elementor-section elementor-inner-section elementor-element elementor-element-271161de animated-fast elementor-section-boxed elementor-section-height-default elementor-section-height-default elementor-invisible\" data-id=\"271161de\" data-element_type=\"section\" data-settings=\"{&quot;background_background&quot;:&quot;classic&quot;,&quot;animation&quot;:&quot;fadeInUp&quot;}\">\n\t\t\t\t\t\t<div class=\"elementor-container elementor-column-gap-no\">\n\t\t\t\t\t<div class=\"elementor-column elementor-col-50 elementor-inner-column elementor-element elementor-element-7ecd93ba\" data-id=\"7ecd93ba\" data-element_type=\"column\">\n\t\t\t<div class=\"elementor-widget-wrap elementor-element-populated\">\n\t\t\t\t\t\t<div class=\"elementor-element elementor-element-7dc601dc elementor-widget elementor-widget-heading\" data-id=\"7dc601dc\" data-element_type=\"widget\" data-widget_type=\"heading.default\">\n\t\t\t\t<div class=\"elementor-widget-container\">\n\t\t\t\t\t<p class=\"elementor-heading-title elementor-size-default\">Spotkanie konsultacyjne: sesja (50 minut) <\/p>\t\t\t\t<\/div>\n\t\t\t\t<\/div>\n\t\t\t\t\t<\/div>\n\t\t<\/div>\n\t\t\t\t<div class=\"elementor-column elementor-col-50 elementor-inner-column elementor-element elementor-element-1289e80b\" data-id=\"1289e80b\" data-element_type=\"column\">\n\t\t\t<div class=\"elementor-widget-wrap elementor-element-populated\">\n\t\t\t\t\t\t<div class=\"elementor-element elementor-element-5573de31 elementor-widget elementor-widget-text-editor\" data-id=\"5573de31\" data-element_type=\"widget\" data-widget_type=\"text-editor.default\">\n\t\t\t\t<div class=\"elementor-widget-container\">\n\t\t\t\t\t\t\t\t\t<p>230 z\u0142<\/p>\t\t\t\t\t\t\t\t<\/div>\n\t\t\t\t<\/div>\n\t\t\t\t\t<\/div>\n\t\t<\/div>\n\t\t\t\t\t<\/div>\n\t\t<\/section>\n\t\t\t\t<section class=\"elementor-section elementor-inner-section elementor-element elementor-element-2d3a73a2 animated-fast elementor-section-boxed elementor-section-height-default elementor-section-height-default elementor-invisible\" data-id=\"2d3a73a2\" data-element_type=\"section\" data-settings=\"{&quot;background_background&quot;:&quot;classic&quot;,&quot;animation&quot;:&quot;fadeInUp&quot;}\">\n\t\t\t\t\t\t<div class=\"elementor-container elementor-column-gap-no\">\n\t\t\t\t\t<div class=\"elementor-column elementor-col-50 elementor-inner-column elementor-element elementor-element-45509d95\" data-id=\"45509d95\" data-element_type=\"column\">\n\t\t\t<div class=\"elementor-widget-wrap elementor-element-populated\">\n\t\t\t\t\t\t<div class=\"elementor-element elementor-element-2148a51e elementor-widget elementor-widget-heading\" data-id=\"2148a51e\" data-element_type=\"widget\" data-widget_type=\"heading.default\">\n\t\t\t\t<div class=\"elementor-widget-container\">\n\t\t\t\t\t<p class=\"elementor-heading-title elementor-size-default\">Psychoterapia indywidualna: sesja (50minut) <\/p>\t\t\t\t<\/div>\n\t\t\t\t<\/div>\n\t\t\t\t\t<\/div>\n\t\t<\/div>\n\t\t\t\t<div class=\"elementor-column elementor-col-50 elementor-inner-column elementor-element elementor-element-23a43b90\" data-id=\"23a43b90\" data-element_type=\"column\">\n\t\t\t<div class=\"elementor-widget-wrap elementor-element-populated\">\n\t\t\t\t\t\t<div class=\"elementor-element elementor-element-eefcc0a elementor-widget elementor-widget-text-editor\" data-id=\"eefcc0a\" data-element_type=\"widget\" data-widget_type=\"text-editor.default\">\n\t\t\t\t<div class=\"elementor-widget-container\">\n\t\t\t\t\t\t\t\t\t<p>230 z\u0142<\/p>\t\t\t\t\t\t\t\t<\/div>\n\t\t\t\t<\/div>\n\t\t\t\t\t<\/div>\n\t\t<\/div>\n\t\t\t\t\t<\/div>\n\t\t<\/section>\n\t\t\t\t<section class=\"elementor-section elementor-inner-section elementor-element elementor-element-569b8c97 animated-fast elementor-section-boxed elementor-section-height-default elementor-section-height-default elementor-invisible\" data-id=\"569b8c97\" data-element_type=\"section\" data-settings=\"{&quot;background_background&quot;:&quot;classic&quot;,&quot;animation&quot;:&quot;fadeInUp&quot;}\">\n\t\t\t\t\t\t<div class=\"elementor-container elementor-column-gap-no\">\n\t\t\t\t\t<div class=\"elementor-column elementor-col-50 elementor-inner-column elementor-element elementor-element-20cb95c2\" data-id=\"20cb95c2\" data-element_type=\"column\">\n\t\t\t<div class=\"elementor-widget-wrap elementor-element-populated\">\n\t\t\t\t\t\t<div class=\"elementor-element elementor-element-4b4b2845 elementor-widget elementor-widget-heading\" data-id=\"4b4b2845\" data-element_type=\"widget\" data-widget_type=\"heading.default\">\n\t\t\t\t<div class=\"elementor-widget-container\">\n\t\t\t\t\t<p class=\"elementor-heading-title elementor-size-default\"> Psychoterapia rodzinna, ma\u0142\u017ce\u0144ska lub pary: sesja (60 minut) <\/p>\t\t\t\t<\/div>\n\t\t\t\t<\/div>\n\t\t\t\t\t<\/div>\n\t\t<\/div>\n\t\t\t\t<div class=\"elementor-column elementor-col-50 elementor-inner-column elementor-element elementor-element-27293db1\" data-id=\"27293db1\" data-element_type=\"column\">\n\t\t\t<div class=\"elementor-widget-wrap elementor-element-populated\">\n\t\t\t\t\t\t<div class=\"elementor-element elementor-element-6e99c128 elementor-widget elementor-widget-text-editor\" data-id=\"6e99c128\" data-element_type=\"widget\" data-widget_type=\"text-editor.default\">\n\t\t\t\t<div class=\"elementor-widget-container\">\n\t\t\t\t\t\t\t\t\t<p>320 z\u0142<\/p>\t\t\t\t\t\t\t\t<\/div>\n\t\t\t\t<\/div>\n\t\t\t\t\t<\/div>\n\t\t<\/div>\n\t\t\t\t\t<\/div>\n\t\t<\/section>\n\t\t\t\t\t<\/div>\n\t\t<\/div>\n\t\t\t\t\t<\/div>\n\t\t<\/section>\n\t\t\t\t<section class=\"elementor-section elementor-top-section elementor-element elementor-element-69b41d91 elementor-section-stretched elementor-section-content-middle elementor-section-boxed elementor-section-height-default elementor-section-height-default\" data-id=\"69b41d91\" data-element_type=\"section\" data-settings=\"{&quot;stretch_section&quot;:&quot;section-stretched&quot;,&quot;background_background&quot;:&quot;classic&quot;,&quot;shape_divider_top&quot;:&quot;opacity-tilt&quot;}\">\n\t\t\t\t\t\t\t<div class=\"elementor-background-overlay\"><\/div>\n\t\t\t\t\t\t<div class=\"elementor-shape elementor-shape-top\" aria-hidden=\"true\" data-negative=\"false\">\n\t\t\t<svg xmlns=\"http:\/\/www.w3.org\/2000\/svg\" viewBox=\"0 0 2600 131.1\" preserveAspectRatio=\"none\">\n\t<path class=\"elementor-shape-fill\" d=\"M0 0L2600 0 2600 69.1 0 0z\"\/>\n\t<path class=\"elementor-shape-fill\" style=\"opacity:0.5\" d=\"M0 0L2600 0 2600 69.1 0 69.1z\"\/>\n\t<path class=\"elementor-shape-fill\" style=\"opacity:0.25\" d=\"M2600 0L0 0 0 130.1 2600 69.1z\"\/>\n<\/svg>\t\t<\/div>\n\t\t\t\t\t<div class=\"elementor-container elementor-column-gap-default\">\n\t\t\t\t\t<div class=\"elementor-column elementor-col-100 elementor-top-column elementor-element elementor-element-9c90416\" data-id=\"9c90416\" data-element_type=\"column\">\n\t\t\t<div class=\"elementor-widget-wrap elementor-element-populated\">\n\t\t\t\t\t\t<section class=\"elementor-section elementor-inner-section elementor-element elementor-element-49bd13d4 elementor-section-boxed elementor-section-height-default elementor-section-height-default\" data-id=\"49bd13d4\" data-element_type=\"section\">\n\t\t\t\t\t\t<div class=\"elementor-container elementor-column-gap-default\">\n\t\t\t\t\t<div class=\"elementor-column elementor-col-100 elementor-inner-column elementor-element elementor-element-1d5dcc33\" data-id=\"1d5dcc33\" data-element_type=\"column\">\n\t\t\t<div class=\"elementor-widget-wrap elementor-element-populated\">\n\t\t\t\t\t\t<div class=\"elementor-element elementor-element-62ee93aa elementor-invisible elementor-widget elementor-widget-heading\" data-id=\"62ee93aa\" data-element_type=\"widget\" data-settings=\"{&quot;_animation&quot;:&quot;fadeIn&quot;}\" data-widget_type=\"heading.default\">\n\t\t\t\t<div class=\"elementor-widget-container\">\n\t\t\t\t\t<h2 class=\"elementor-heading-title elementor-size-default\">Je\u015bli my\u015blisz ze potrzebujesz pomocy, skontaktuj si\u0119!<\/h2>\t\t\t\t<\/div>\n\t\t\t\t<\/div>\n\t\t\t\t<div class=\"elementor-element elementor-element-e95d4f9 elementor-align-center elementor-invisible elementor-widget elementor-widget-button\" data-id=\"e95d4f9\" data-element_type=\"widget\" data-settings=\"{&quot;_animation&quot;:&quot;fadeInUp&quot;,&quot;_animation_delay&quot;:100}\" data-widget_type=\"button.default\">\n\t\t\t\t<div class=\"elementor-widget-container\">\n\t\t\t\t\t\t\t\t\t<div class=\"elementor-button-wrapper\">\n\t\t\t\t\t<a class=\"elementor-button elementor-button-link elementor-size-md\" href=\"https:\/\/www.psychoterapia-ap.pl\/index.php\/kontakt\/\">\n\t\t\t\t\t\t<span class=\"elementor-button-content-wrapper\">\n\t\t\t\t\t\t<span class=\"elementor-button-icon\">\n\t\t\t\t<svg aria-hidden=\"true\" class=\"e-font-icon-svg e-fas-angle-right\" viewBox=\"0 0 256 512\" xmlns=\"http:\/\/www.w3.org\/2000\/svg\"><path d=\"M224.3 273l-136 136c-9.4 9.4-24.6 9.4-33.9 0l-22.6-22.6c-9.4-9.4-9.4-24.6 0-33.9l96.4-96.4-96.4-96.4c-9.4-9.4-9.4-24.6 0-33.9L54.3 103c9.4-9.4 24.6-9.4 33.9 0l136 136c9.5 9.4 9.5 24.6.1 34z\"><\/path><\/svg>\t\t\t<\/span>\n\t\t\t\t\t\t\t\t\t<span class=\"elementor-button-text\">kontakt<\/span>\n\t\t\t\t\t<\/span>\n\t\t\t\t\t<\/a>\n\t\t\t\t<\/div>\n\t\t\t\t\t\t\t\t<\/div>\n\t\t\t\t<\/div>\n\t\t\t\t\t<\/div>\n\t\t<\/div>\n\t\t\t\t\t<\/div>\n\t\t<\/section>\n\t\t\t\t\t<\/div>\n\t\t<\/div>\n\t\t\t\t\t<\/div>\n\t\t<\/section>\n\t\t\t\t<\/div>\n\t\t","protected":false},"excerpt":{"rendered":"<p>Jak pracuj\u0119? Pracuj\u0119 w modealno\u015bci integratywnej co oznacza \u017ce, wykorzystuj\u0119 gam\u0119 sprawdzonych metod pochodz\u0105cych z r\u00f3\u017cnych podej\u015b\u0107, w tym np. systemowego i psychodynamicznego, Gestalt. W mojej pracy cz\u0142owiek jest postrzegany jako cz\u0119\u015b\u0107 systemu, w kt\u00f3rym funkcjonuje. Jego problemy nie pochodz\u0105 tylko z wewn\u0119trznych proces\u00f3w psychicznych, ale maj\u0105 na nie wp\u0142yw r\u00f3\u017cne czynniki zwi\u0105zane z systemem [&hellip;]<\/p>\n","protected":false},"author":1,"featured_media":0,"parent":0,"menu_order":0,"comment_status":"closed","ping_status":"closed","template":"elementor_header_footer","meta":{"footnotes":""},"class_list":["post-68","page","type-page","status-publish","hentry"],"_links":{"self":[{"href":"https:\/\/www.psychoterapia-ap.pl\/index.php\/wp-json\/wp\/v2\/pages\/68","targetHints":{"allow":["GET"]}}],"collection":[{"href":"https:\/\/www.psychoterapia-ap.pl\/index.php\/wp-json\/wp\/v2\/pages"}],"about":[{"href":"https:\/\/www.psychoterapia-ap.pl\/index.php\/wp-json\/wp\/v2\/types\/page"}],"author":[{"embeddable":true,"href":"https:\/\/www.psychoterapia-ap.pl\/index.php\/wp-json\/wp\/v2\/users\/1"}],"replies":[{"embeddable":true,"href":"https:\/\/www.psychoterapia-ap.pl\/index.php\/wp-json\/wp\/v2\/comments?post=68"}],"version-history":[{"count":37,"href":"https:\/\/www.psychoterapia-ap.pl\/index.php\/wp-json\/wp\/v2\/pages\/68\/revisions"}],"predecessor-version":[{"id":304,"href":"https:\/\/www.psychoterapia-ap.pl\/index.php\/wp-json\/wp\/v2\/pages\/68\/revisions\/304"}],"wp:attachment":[{"href":"https:\/\/www.psychoterapia-ap.pl\/index.php\/wp-json\/wp\/v2\/media?parent=68"}],"curies":[{"name":"wp","href":"https:\/\/api.w.org\/{rel}","templated":true}]}}